{"id":6513,"date":"2023-07-03T08:31:50","date_gmt":"2023-07-03T08:31:50","guid":{"rendered":"https:\/\/asbestbureau-aalst.be\/professionnels\/"},"modified":"2024-05-25T08:24:57","modified_gmt":"2024-05-25T08:24:57","slug":"professionnels","status":"publish","type":"page","link":"https:\/\/asbestbureau-aalst.be\/fr\/professionnels\/","title":{"rendered":"Professionnels"},"content":{"rendered":"\t\t<div data-elementor-type=\"wp-page\" data-elementor-id=\"6513\" class=\"elementor elementor-6513 elementor-6400\" data-elementor-post-type=\"page\">\n\t\t\t\t\t\t<section class=\"elementor-section elementor-top-section elementor-element elementor-element-e48ad30 elementor-section-boxed elementor-section-height-default elementor-section-height-default\" data-id=\"e48ad30\" data-element_type=\"section\" data-e-type=\"section\" data-settings=\"{&quot;background_background&quot;:&quot;classic&quot;}\">\n\t\t\t\t\t\t<div class=\"elementor-container elementor-column-gap-default\">\n\t\t\t\t\t<div class=\"elementor-column elementor-col-50 elementor-top-column elementor-element elementor-element-c329849\" data-id=\"c329849\" data-element_type=\"column\" data-e-type=\"column\" data-settings=\"{&quot;background_background&quot;:&quot;classic&quot;}\">\n\t\t\t<div class=\"elementor-widget-wrap elementor-element-populated\">\n\t\t\t\t\t\t<div class=\"elementor-element elementor-element-1286b43 elementor-widget elementor-widget-heading\" data-id=\"1286b43\" data-element_type=\"widget\" data-e-type=\"widget\" data-widget_type=\"heading.default\">\n\t\t\t\t<div class=\"elementor-widget-container\">\n\t\t\t\t\t<h2 class=\"elementor-heading-title elementor-size-default\">Entrez votre commande<\/h2>\t\t\t\t<\/div>\n\t\t\t\t<\/div>\n\t\t\t\t<div class=\"elementor-element elementor-element-124d7f7 elementor-widget elementor-widget-text-editor\" data-id=\"124d7f7\" data-element_type=\"widget\" data-e-type=\"widget\" data-widget_type=\"text-editor.default\">\n\t\t\t\t<div class=\"elementor-widget-container\">\n\t\t\t\t\t\t\t\t\t<p class=\"wd_mt-5\">Application r\u00e9serv\u00e9e aux professionnels (agents immobiliers, notaires, etc.)<\/p>\n\t\t\t\t\t\t\t\t<\/div>\n\t\t\t\t<\/div>\n\t\t\t\t<div class=\"elementor-element elementor-element-edcf492 elementor-view-framed elementor-position-inline-start elementor-hidden-tablet elementor-hidden-mobile elementor-shape-circle elementor-mobile-position-block-start elementor-widget elementor-widget-icon-box\" data-id=\"edcf492\" data-element_type=\"widget\" data-e-type=\"widget\" data-widget_type=\"icon-box.default\">\n\t\t\t\t<div class=\"elementor-widget-container\">\n\t\t\t\t\t\t\t<div class=\"elementor-icon-box-wrapper\">\n\n\t\t\t\t\t\t<div class=\"elementor-icon-box-icon\">\n\t\t\t\t<a href=\"tel:0475740805\" class=\"elementor-icon\" tabindex=\"-1\" aria-label=\"T\u00e9l\u00e9phone\">\n\t\t\t\t<i aria-hidden=\"true\" class=\"fas fa-phone-volume\"><\/i>\t\t\t\t<\/a>\n\t\t\t<\/div>\n\t\t\t\n\t\t\t\t\t\t<div class=\"elementor-icon-box-content\">\n\n\t\t\t\t\t\t\t\t\t<h3 class=\"elementor-icon-box-title\">\n\t\t\t\t\t\t<a href=\"tel:0475740805\" >\n\t\t\t\t\t\t\tT\u00e9l\u00e9phone\t\t\t\t\t\t<\/a>\n\t\t\t\t\t<\/h3>\n\t\t\t\t\n\t\t\t\t\t\t\t\t\t<p class=\"elementor-icon-box-description\">\n\t\t\t\t\t\t0475 74 08 05\t\t\t\t\t<\/p>\n\t\t\t\t\n\t\t\t<\/div>\n\t\t\t\n\t\t<\/div>\n\t\t\t\t\t\t<\/div>\n\t\t\t\t<\/div>\n\t\t\t\t<div class=\"elementor-element elementor-element-a842ce6 elementor-view-framed elementor-position-inline-start elementor-hidden-tablet elementor-hidden-mobile elementor-shape-circle elementor-mobile-position-block-start elementor-widget elementor-widget-icon-box\" data-id=\"a842ce6\" data-element_type=\"widget\" data-e-type=\"widget\" data-widget_type=\"icon-box.default\">\n\t\t\t\t<div class=\"elementor-widget-container\">\n\t\t\t\t\t\t\t<div class=\"elementor-icon-box-wrapper\">\n\n\t\t\t\t\t\t<div class=\"elementor-icon-box-icon\">\n\t\t\t\t<a href=\"mailto:info@asbestbureau-aalst.be\" class=\"elementor-icon\" tabindex=\"-1\" aria-label=\"Adresse \u00e9lectronique\">\n\t\t\t\t<i aria-hidden=\"true\" class=\"fas fa-envelope\"><\/i>\t\t\t\t<\/a>\n\t\t\t<\/div>\n\t\t\t\n\t\t\t\t\t\t<div class=\"elementor-icon-box-content\">\n\n\t\t\t\t\t\t\t\t\t<h3 class=\"elementor-icon-box-title\">\n\t\t\t\t\t\t<a href=\"mailto:info@asbestbureau-aalst.be\" >\n\t\t\t\t\t\t\tAdresse \u00e9lectronique\t\t\t\t\t\t<\/a>\n\t\t\t\t\t<\/h3>\n\t\t\t\t\n\t\t\t\t\t\t\t\t\t<p class=\"elementor-icon-box-description\">\n\t\t\t\t\t\tinfo@asbestbureau-aalst.be\t\t\t\t\t<\/p>\n\t\t\t\t\n\t\t\t<\/div>\n\t\t\t\n\t\t<\/div>\n\t\t\t\t\t\t<\/div>\n\t\t\t\t<\/div>\n\t\t\t\t\t<\/div>\n\t\t<\/div>\n\t\t\t\t<div class=\"elementor-column elementor-col-50 elementor-top-column elementor-element elementor-element-2fe2a9a\" data-id=\"2fe2a9a\" data-element_type=\"column\" data-e-type=\"column\" data-settings=\"{&quot;background_background&quot;:&quot;classic&quot;}\">\n\t\t\t<div class=\"elementor-widget-wrap elementor-element-populated\">\n\t\t\t\t\t\t<div class=\"elementor-element elementor-element-56e0d4a elementor-widget elementor-widget-heading\" data-id=\"56e0d4a\" data-element_type=\"widget\" data-e-type=\"widget\" data-widget_type=\"heading.default\">\n\t\t\t\t<div class=\"elementor-widget-container\">\n\t\t\t\t\t<h2 class=\"elementor-heading-title elementor-size-default\">Formulaire d'affectation<\/h2>\t\t\t\t<\/div>\n\t\t\t\t<\/div>\n\t\t\t\t<div class=\"elementor-element elementor-element-c561be7 elementor-widget elementor-widget-html\" data-id=\"c561be7\" data-element_type=\"widget\" data-e-type=\"widget\" data-widget_type=\"html.default\">\n\t\t\t\t<div class=\"elementor-widget-container\">\n\t\t\t\t\t\n<div class=\"wpcf7 no-js\" id=\"wpcf7-f6538-o1\" lang=\"fr-FR\" dir=\"ltr\" data-wpcf7-id=\"6538\">\n<div class=\"screen-reader-response\"><p role=\"status\" aria-live=\"polite\" aria-atomic=\"true\"><\/p> <ul><\/ul><\/div>\n<form action=\"\/fr\/wp-json\/wp\/v2\/pages\/6513#wpcf7-f6538-o1\" method=\"post\" class=\"wpcf7-form init\" aria-label=\"Formulaire de contact\" enctype=\"multipart\/form-data\" novalidate=\"novalidate\" data-status=\"init\">\n<fieldset class=\"hidden-fields-container\"><input type=\"hidden\" name=\"_wpcf7\" value=\"6538\" \/><input type=\"hidden\" name=\"_wpcf7_version\" value=\"6.1.5\" \/><input type=\"hidden\" name=\"_wpcf7_locale\" value=\"fr_FR\" \/><input type=\"hidden\" name=\"_wpcf7_unit_tag\" value=\"wpcf7-f6538-o1\" \/><input type=\"hidden\" name=\"_wpcf7_container_post\" value=\"0\" \/><input type=\"hidden\" name=\"_wpcf7_posted_data_hash\" value=\"\" \/><input type=\"hidden\" name=\"_wpcf7_recaptcha_response\" value=\"\" \/>\n<\/fieldset>\n<p><label><br \/>\n<span class=\"wpcf7-form-control-wrap\" data-name=\"your-name-a\"><input size=\"40\" maxlength=\"400\" class=\"wpcf7-form-control wpcf7-text wpcf7-validates-as-required\" autocomplete=\"name\" aria-required=\"true\" aria-invalid=\"false\" placeholder=\"Nom du demandeur\" value=\"\" type=\"text\" name=\"your-name-a\" \/><\/span> <\/label>\n<\/p>\n<p><label><br \/>\n<span class=\"wpcf7-form-control-wrap\" data-name=\"your-email-a\"><input size=\"40\" maxlength=\"400\" class=\"wpcf7-form-control wpcf7-email wpcf7-validates-as-required wpcf7-text wpcf7-validates-as-email\" autocomplete=\"email\" aria-required=\"true\" aria-invalid=\"false\" placeholder=\"Adresse \u00e9lectronique du demandeur\" value=\"\" type=\"email\" name=\"your-email-a\" \/><\/span> <\/label>\n<\/p>\n<p><label><br \/>\n<span class=\"wpcf7-form-control-wrap\" data-name=\"your-name-e\"><input size=\"40\" maxlength=\"400\" class=\"wpcf7-form-control wpcf7-text wpcf7-validates-as-required\" autocomplete=\"name\" aria-required=\"true\" aria-invalid=\"false\" placeholder=\"Nom du propri\u00e9taire\" value=\"\" type=\"text\" name=\"your-name-e\" \/><\/span> <\/label>\n<\/p>\n<p><label><br \/>\n<span class=\"wpcf7-form-control-wrap\" data-name=\"your-phone-e\"><input size=\"40\" maxlength=\"400\" class=\"wpcf7-form-control wpcf7-text wpcf7-validates-as-required\" autocomplete=\"name\" aria-required=\"true\" aria-invalid=\"false\" placeholder=\"Propri\u00e9taire du t\u00e9l\u00e9phone\" value=\"\" type=\"text\" name=\"your-phone-e\" \/><\/span> <\/label>\n<\/p>\n<p><label><br \/>\n<span class=\"wpcf7-form-control-wrap\" data-name=\"your-email-e\"><input size=\"40\" maxlength=\"400\" class=\"wpcf7-form-control wpcf7-email wpcf7-validates-as-required wpcf7-text wpcf7-validates-as-email\" autocomplete=\"email\" aria-required=\"true\" aria-invalid=\"false\" placeholder=\"Adresse \u00e9lectronique du propri\u00e9taire\" value=\"\" type=\"email\" name=\"your-email-e\" \/><\/span> <\/label>\n<\/p>\n<p><label><br \/>\n<span class=\"wpcf7-form-control-wrap\" data-name=\"your-address\"><input size=\"40\" maxlength=\"400\" class=\"wpcf7-form-control wpcf7-text wpcf7-validates-as-required\" autocomplete=\"name\" aria-required=\"true\" aria-invalid=\"false\" placeholder=\"Adresse du site d&#039;inspection\" value=\"\" type=\"text\" name=\"your-address\" \/><\/span> <\/label>\n<\/p>\n<p>Je cherche :<br \/>\n<span class=\"wpcf7-form-control-wrap\" data-name=\"checkbox-923\"><span class=\"wpcf7-form-control wpcf7-checkbox wpcf7-validates-as-required\"><span class=\"wpcf7-list-item first\"><label><input type=\"checkbox\" name=\"checkbox-923[]\" value=\"Asbestattest\" \/><span class=\"wpcf7-list-item-label\">Asbestattest<\/span><\/label><\/span><span class=\"wpcf7-list-item last\"><label><input type=\"checkbox\" name=\"checkbox-923[]\" value=\"EPC attest\" \/><span class=\"wpcf7-list-item-label\">EPC attest<\/span><\/label><\/span><\/span><\/span>\n<\/p>\n<p>Si un EPC a d\u00e9j\u00e0 \u00e9t\u00e9 atteint, vous pouvez le t\u00e9l\u00e9charger ici : <span class=\"wpcf7-form-control-wrap\" data-name=\"file-234\"><input size=\"40\" class=\"wpcf7-form-control wpcf7-file\" accept=\"audio\/*,video\/*,image\/*\" aria-invalid=\"false\" type=\"file\" name=\"file-234\" \/><\/span>\n<\/p>\n<p><label><br \/>\n<span class=\"wpcf7-form-control-wrap\" data-name=\"your-message\"><textarea cols=\"40\" rows=\"10\" maxlength=\"2000\" class=\"wpcf7-form-control wpcf7-textarea\" aria-invalid=\"false\" placeholder=\"Notes compl\u00e9mentaires\" name=\"your-message\"><\/textarea><\/span> <\/label>\n<\/p>\n<p><input class=\"wpcf7-form-control wpcf7-submit has-spinner\" type=\"submit\" value=\"Verstuur\" \/>\n<\/p><div class=\"wpcf7-response-output\" aria-hidden=\"true\"><\/div>\n<\/form>\n<\/div>\n\t\t\t\t<\/div>\n\t\t\t\t<\/div>\n\t\t\t\t\t<\/div>\n\t\t<\/div>\n\t\t\t\t\t<\/div>\n\t\t<\/section>\n\t\t\t\t<section class=\"elementor-section elementor-top-section elementor-element elementor-element-8a75479 elementor-section-full_width elementor-section-height-default elementor-section-height-default\" data-id=\"8a75479\" data-element_type=\"section\" data-e-type=\"section\">\n\t\t\t\t\t\t<div class=\"elementor-container elementor-column-gap-default\">\n\t\t\t\t\t<div class=\"elementor-column elementor-col-100 elementor-top-column elementor-element elementor-element-411914e\" data-id=\"411914e\" data-element_type=\"column\" data-e-type=\"column\">\n\t\t\t<div class=\"elementor-widget-wrap elementor-element-populated\">\n\t\t\t\t\t\t<div class=\"elementor-element elementor-element-5d84c2f elementor-widget elementor-widget-google_maps\" data-id=\"5d84c2f\" data-element_type=\"widget\" data-e-type=\"widget\" data-widget_type=\"google_maps.default\">\n\t\t\t\t<div class=\"elementor-widget-container\">\n\t\t\t\t\t\t\t<div class=\"elementor-custom-embed\">\n\t\t\t<iframe loading=\"lazy\"\n\t\t\t\t\tsrc=\"https:\/\/maps.google.com\/maps?q=Eikstraat%2089A%209300%20Aalst&#038;t=m&#038;z=10&#038;output=embed&#038;iwloc=near\"\n\t\t\t\t\ttitle=\"Eikstraat 89A 9300 Aalst\"\n\t\t\t\t\taria-label=\"Eikstraat 89A 9300 Aalst\"\n\t\t\t><\/iframe>\n\t\t<\/div>\n\t\t\t\t\t\t<\/div>\n\t\t\t\t<\/div>\n\t\t\t\t\t<\/div>\n\t\t<\/div>\n\t\t\t\t\t<\/div>\n\t\t<\/section>\n\t\t\t\t<\/div>\n\t\t","protected":false},"excerpt":{"rendered":"<p>Entrez votre commande Application r\u00e9serv\u00e9e aux professionnels (agents immobiliers, notaires, etc.) T\u00e9l\u00e9phone 0475 74 08 05 Adresse \u00e9lectronique info@asbestbureau-aalst.be Formulaire d&rsquo;affectation<\/p>\n","protected":false},"author":1,"featured_media":0,"parent":0,"menu_order":0,"comment_status":"closed","ping_status":"closed","template":"elementor_header_footer","meta":{"footnotes":""},"class_list":["post-6513","page","type-page","status-publish","hentry"],"yoast_head":"<!-- This site is optimized with the Yoast SEO plugin v27.5 - https:\/\/yoast.com\/product\/yoast-seo-wordpress\/ -->\n<title>Professionnels - Asbestbureau Aalst<\/title>\n<meta name=\"robots\" content=\"index, follow, max-snippet:-1, max-image-preview:large, max-video-preview:-1\" \/>\n<link rel=\"canonical\" href=\"https:\/\/asbestbureau-aalst.be\/professionelen\/\" \/>\n<meta property=\"og:locale\" content=\"fr_FR\" \/>\n<meta property=\"og:type\" content=\"article\" \/>\n<meta property=\"og:title\" content=\"Professionnels - Asbestbureau Aalst\" \/>\n<meta property=\"og:description\" content=\"Entrez votre commande Application r\u00e9serv\u00e9e aux professionnels (agents immobiliers, notaires, etc.) T\u00e9l\u00e9phone 0475 74 08 05 Adresse \u00e9lectronique info@asbestbureau-aalst.be Formulaire d&rsquo;affectation\" \/>\n<meta property=\"og:url\" content=\"https:\/\/asbestbureau-aalst.be\/professionelen\/\" \/>\n<meta property=\"og:site_name\" content=\"Asbestbureau Aalst\" \/>\n<meta property=\"article:modified_time\" content=\"2024-05-25T08:24:57+00:00\" \/>\n<meta name=\"twitter:card\" content=\"summary_large_image\" \/>\n<script type=\"application\/ld+json\" class=\"yoast-schema-graph\">{\"@context\":\"https:\\\/\\\/schema.org\",\"@graph\":[{\"@type\":\"WebPage\",\"@id\":\"https:\\\/\\\/asbestbureau-aalst.be\\\/professionelen\\\/\",\"url\":\"https:\\\/\\\/asbestbureau-aalst.be\\\/professionelen\\\/\",\"name\":\"Professionnels - Asbestbureau Aalst\",\"isPartOf\":{\"@id\":\"https:\\\/\\\/asbestbureau-aalst.be\\\/#website\"},\"datePublished\":\"2023-07-03T08:31:50+00:00\",\"dateModified\":\"2024-05-25T08:24:57+00:00\",\"breadcrumb\":{\"@id\":\"https:\\\/\\\/asbestbureau-aalst.be\\\/professionelen\\\/#breadcrumb\"},\"inLanguage\":\"fr-FR\",\"potentialAction\":[{\"@type\":\"ReadAction\",\"target\":[\"https:\\\/\\\/asbestbureau-aalst.be\\\/professionelen\\\/\"]}]},{\"@type\":\"BreadcrumbList\",\"@id\":\"https:\\\/\\\/asbestbureau-aalst.be\\\/professionelen\\\/#breadcrumb\",\"itemListElement\":[{\"@type\":\"ListItem\",\"position\":1,\"name\":\"Home\",\"item\":\"https:\\\/\\\/asbestbureau-aalst.be\\\/\"},{\"@type\":\"ListItem\",\"position\":2,\"name\":\"Professionnels\"}]},{\"@type\":\"WebSite\",\"@id\":\"https:\\\/\\\/asbestbureau-aalst.be\\\/#website\",\"url\":\"https:\\\/\\\/asbestbureau-aalst.be\\\/\",\"name\":\"Asbestbureau Aalst\",\"description\":\"\",\"publisher\":{\"@id\":\"https:\\\/\\\/asbestbureau-aalst.be\\\/#organization\"},\"potentialAction\":[{\"@type\":\"SearchAction\",\"target\":{\"@type\":\"EntryPoint\",\"urlTemplate\":\"https:\\\/\\\/asbestbureau-aalst.be\\\/?s={search_term_string}\"},\"query-input\":{\"@type\":\"PropertyValueSpecification\",\"valueRequired\":true,\"valueName\":\"search_term_string\"}}],\"inLanguage\":\"fr-FR\"},{\"@type\":\"Organization\",\"@id\":\"https:\\\/\\\/asbestbureau-aalst.be\\\/#organization\",\"name\":\"Asbestbureau Aalst\",\"url\":\"https:\\\/\\\/asbestbureau-aalst.be\\\/\",\"logo\":{\"@type\":\"ImageObject\",\"inLanguage\":\"fr-FR\",\"@id\":\"https:\\\/\\\/asbestbureau-aalst.be\\\/#\\\/schema\\\/logo\\\/image\\\/\",\"url\":\"https:\\\/\\\/asbestbureau-aalst.be\\\/wp-content\\\/uploads\\\/2020\\\/04\\\/asbestinventaris-Aalst-1.png\",\"contentUrl\":\"https:\\\/\\\/asbestbureau-aalst.be\\\/wp-content\\\/uploads\\\/2020\\\/04\\\/asbestinventaris-Aalst-1.png\",\"width\":913,\"height\":159,\"caption\":\"Asbestbureau Aalst\"},\"image\":{\"@id\":\"https:\\\/\\\/asbestbureau-aalst.be\\\/#\\\/schema\\\/logo\\\/image\\\/\"}}]}<\/script>\n<!-- \/ Yoast SEO plugin. -->","yoast_head_json":{"title":"Professionnels - Asbestbureau Aalst","robots":{"index":"index","follow":"follow","max-snippet":"max-snippet:-1","max-image-preview":"max-image-preview:large","max-video-preview":"max-video-preview:-1"},"canonical":"https:\/\/asbestbureau-aalst.be\/professionelen\/","og_locale":"fr_FR","og_type":"article","og_title":"Professionnels - Asbestbureau Aalst","og_description":"Entrez votre commande Application r\u00e9serv\u00e9e aux professionnels (agents immobiliers, notaires, etc.) T\u00e9l\u00e9phone 0475 74 08 05 Adresse \u00e9lectronique info@asbestbureau-aalst.be Formulaire d&rsquo;affectation","og_url":"https:\/\/asbestbureau-aalst.be\/professionelen\/","og_site_name":"Asbestbureau Aalst","article_modified_time":"2024-05-25T08:24:57+00:00","twitter_card":"summary_large_image","schema":{"@context":"https:\/\/schema.org","@graph":[{"@type":"WebPage","@id":"https:\/\/asbestbureau-aalst.be\/professionelen\/","url":"https:\/\/asbestbureau-aalst.be\/professionelen\/","name":"Professionnels - Asbestbureau Aalst","isPartOf":{"@id":"https:\/\/asbestbureau-aalst.be\/#website"},"datePublished":"2023-07-03T08:31:50+00:00","dateModified":"2024-05-25T08:24:57+00:00","breadcrumb":{"@id":"https:\/\/asbestbureau-aalst.be\/professionelen\/#breadcrumb"},"inLanguage":"fr-FR","potentialAction":[{"@type":"ReadAction","target":["https:\/\/asbestbureau-aalst.be\/professionelen\/"]}]},{"@type":"BreadcrumbList","@id":"https:\/\/asbestbureau-aalst.be\/professionelen\/#breadcrumb","itemListElement":[{"@type":"ListItem","position":1,"name":"Home","item":"https:\/\/asbestbureau-aalst.be\/"},{"@type":"ListItem","position":2,"name":"Professionnels"}]},{"@type":"WebSite","@id":"https:\/\/asbestbureau-aalst.be\/#website","url":"https:\/\/asbestbureau-aalst.be\/","name":"Asbestbureau Aalst","description":"","publisher":{"@id":"https:\/\/asbestbureau-aalst.be\/#organization"},"potentialAction":[{"@type":"SearchAction","target":{"@type":"EntryPoint","urlTemplate":"https:\/\/asbestbureau-aalst.be\/?s={search_term_string}"},"query-input":{"@type":"PropertyValueSpecification","valueRequired":true,"valueName":"search_term_string"}}],"inLanguage":"fr-FR"},{"@type":"Organization","@id":"https:\/\/asbestbureau-aalst.be\/#organization","name":"Asbestbureau Aalst","url":"https:\/\/asbestbureau-aalst.be\/","logo":{"@type":"ImageObject","inLanguage":"fr-FR","@id":"https:\/\/asbestbureau-aalst.be\/#\/schema\/logo\/image\/","url":"https:\/\/asbestbureau-aalst.be\/wp-content\/uploads\/2020\/04\/asbestinventaris-Aalst-1.png","contentUrl":"https:\/\/asbestbureau-aalst.be\/wp-content\/uploads\/2020\/04\/asbestinventaris-Aalst-1.png","width":913,"height":159,"caption":"Asbestbureau Aalst"},"image":{"@id":"https:\/\/asbestbureau-aalst.be\/#\/schema\/logo\/image\/"}}]}},"_links":{"self":[{"href":"https:\/\/asbestbureau-aalst.be\/fr\/wp-json\/wp\/v2\/pages\/6513","targetHints":{"allow":["GET"]}}],"collection":[{"href":"https:\/\/asbestbureau-aalst.be\/fr\/wp-json\/wp\/v2\/pages"}],"about":[{"href":"https:\/\/asbestbureau-aalst.be\/fr\/wp-json\/wp\/v2\/types\/page"}],"author":[{"embeddable":true,"href":"https:\/\/asbestbureau-aalst.be\/fr\/wp-json\/wp\/v2\/users\/1"}],"replies":[{"embeddable":true,"href":"https:\/\/asbestbureau-aalst.be\/fr\/wp-json\/wp\/v2\/comments?post=6513"}],"version-history":[{"count":4,"href":"https:\/\/asbestbureau-aalst.be\/fr\/wp-json\/wp\/v2\/pages\/6513\/revisions"}],"predecessor-version":[{"id":6640,"href":"https:\/\/asbestbureau-aalst.be\/fr\/wp-json\/wp\/v2\/pages\/6513\/revisions\/6640"}],"wp:attachment":[{"href":"https:\/\/asbestbureau-aalst.be\/fr\/wp-json\/wp\/v2\/media?parent=6513"}],"curies":[{"name":"wp","href":"https:\/\/api.w.org\/{rel}","templated":true}]}}