{"id":6509,"date":"2023-01-27T12:15:20","date_gmt":"2023-01-27T12:15:20","guid":{"rendered":"https:\/\/asbestbureau-aalst.be\/demande-de-devis\/"},"modified":"2024-01-08T09:32:26","modified_gmt":"2024-01-08T09:32:26","slug":"demande-de-devis","status":"publish","type":"page","link":"https:\/\/asbestbureau-aalst.be\/fr\/demande-de-devis\/","title":{"rendered":"Demande de devis"},"content":{"rendered":"\t\t<div data-elementor-type=\"wp-page\" data-elementor-id=\"6509\" class=\"elementor elementor-6509 elementor-6000\" data-elementor-post-type=\"page\">\n\t\t\t\t\t\t<section class=\"elementor-section elementor-top-section elementor-element elementor-element-e48ad30 elementor-reverse-tablet elementor-reverse-mobile elementor-section-boxed elementor-section-height-default elementor-section-height-default\" data-id=\"e48ad30\" data-element_type=\"section\" data-e-type=\"section\" data-settings=\"{&quot;background_background&quot;:&quot;classic&quot;}\">\n\t\t\t\t\t\t<div class=\"elementor-container elementor-column-gap-default\">\n\t\t\t\t\t<div class=\"elementor-column elementor-col-50 elementor-top-column elementor-element elementor-element-c329849\" data-id=\"c329849\" data-element_type=\"column\" data-e-type=\"column\" data-settings=\"{&quot;background_background&quot;:&quot;classic&quot;}\">\n\t\t\t<div class=\"elementor-widget-wrap elementor-element-populated\">\n\t\t\t\t\t\t<div class=\"elementor-element elementor-element-1286b43 elementor-widget elementor-widget-heading\" data-id=\"1286b43\" data-element_type=\"widget\" data-e-type=\"widget\" data-widget_type=\"heading.default\">\n\t\t\t\t<div class=\"elementor-widget-container\">\n\t\t\t\t\t<h2 class=\"elementor-heading-title elementor-size-default\">Besoin urgent d'un certificat d'amiante ou d'un EPC ?<\/h2>\t\t\t\t<\/div>\n\t\t\t\t<\/div>\n\t\t\t\t<div class=\"elementor-element elementor-element-124d7f7 elementor-widget elementor-widget-text-editor\" data-id=\"124d7f7\" data-element_type=\"widget\" data-e-type=\"widget\" data-widget_type=\"text-editor.default\">\n\t\t\t\t<div class=\"elementor-widget-container\">\n\t\t\t\t\t\t\t\t\t<p class=\"wd_mt-5\">Nous travaillons dans la r\u00e9gion d&rsquo;Alost \/ Flandre orientale, mais nous sommes actifs dans toute la Flandre !&nbsp;<\/p><p class=\"wd_mt-5\">Nous proposons des tarifs fixes et clairs. Pas de frais suppl\u00e9mentaires impr\u00e9vus, mais un service rapide et de qualit\u00e9.<\/p>\n<p class=\"wd_mt-5\">Besoin d&rsquo;aide ? Remplissez ce formulaire ou contactez-nous directement au 0475 74 08 05.<\/p><p class=\"wd_mt-5\">&nbsp;Vous recevrez gratuitement et sans engagement de notre part un avis d&rsquo;expert et une indication de prix. .<\/p>\t\t\t\t\t\t\t\t<\/div>\n\t\t\t\t<\/div>\n\t\t\t\t<div class=\"elementor-element elementor-element-edcf492 elementor-view-framed elementor-position-inline-start elementor-shape-circle elementor-mobile-position-block-start elementor-widget elementor-widget-icon-box\" data-id=\"edcf492\" data-element_type=\"widget\" data-e-type=\"widget\" data-widget_type=\"icon-box.default\">\n\t\t\t\t<div class=\"elementor-widget-container\">\n\t\t\t\t\t\t\t<div class=\"elementor-icon-box-wrapper\">\n\n\t\t\t\t\t\t<div class=\"elementor-icon-box-icon\">\n\t\t\t\t<a href=\"tel:0475740805\" class=\"elementor-icon\" tabindex=\"-1\" aria-label=\"T\u00e9l\u00e9phone\">\n\t\t\t\t<i aria-hidden=\"true\" class=\"fas fa-phone-volume\"><\/i>\t\t\t\t<\/a>\n\t\t\t<\/div>\n\t\t\t\n\t\t\t\t\t\t<div class=\"elementor-icon-box-content\">\n\n\t\t\t\t\t\t\t\t\t<h3 class=\"elementor-icon-box-title\">\n\t\t\t\t\t\t<a href=\"tel:0475740805\" >\n\t\t\t\t\t\t\tT\u00e9l\u00e9phone\t\t\t\t\t\t<\/a>\n\t\t\t\t\t<\/h3>\n\t\t\t\t\n\t\t\t\t\t\t\t\t\t<p class=\"elementor-icon-box-description\">\n\t\t\t\t\t\t0475 74 08 05\t\t\t\t\t<\/p>\n\t\t\t\t\n\t\t\t<\/div>\n\t\t\t\n\t\t<\/div>\n\t\t\t\t\t\t<\/div>\n\t\t\t\t<\/div>\n\t\t\t\t<div class=\"elementor-element elementor-element-a842ce6 elementor-view-framed elementor-position-inline-start elementor-shape-circle elementor-mobile-position-block-start elementor-widget elementor-widget-icon-box\" data-id=\"a842ce6\" data-element_type=\"widget\" data-e-type=\"widget\" data-widget_type=\"icon-box.default\">\n\t\t\t\t<div class=\"elementor-widget-container\">\n\t\t\t\t\t\t\t<div class=\"elementor-icon-box-wrapper\">\n\n\t\t\t\t\t\t<div class=\"elementor-icon-box-icon\">\n\t\t\t\t<a href=\"mailto:info@asbestbureau-aalst.be\" class=\"elementor-icon\" tabindex=\"-1\" aria-label=\"Adresse \u00e9lectronique\">\n\t\t\t\t<i aria-hidden=\"true\" class=\"fas fa-envelope\"><\/i>\t\t\t\t<\/a>\n\t\t\t<\/div>\n\t\t\t\n\t\t\t\t\t\t<div class=\"elementor-icon-box-content\">\n\n\t\t\t\t\t\t\t\t\t<h3 class=\"elementor-icon-box-title\">\n\t\t\t\t\t\t<a href=\"mailto:info@asbestbureau-aalst.be\" >\n\t\t\t\t\t\t\tAdresse \u00e9lectronique\t\t\t\t\t\t<\/a>\n\t\t\t\t\t<\/h3>\n\t\t\t\t\n\t\t\t\t\t\t\t\t\t<p class=\"elementor-icon-box-description\">\n\t\t\t\t\t\tinfo@asbestbureau-aalst.be\t\t\t\t\t<\/p>\n\t\t\t\t\n\t\t\t<\/div>\n\t\t\t\n\t\t<\/div>\n\t\t\t\t\t\t<\/div>\n\t\t\t\t<\/div>\n\t\t\t\t\t<\/div>\n\t\t<\/div>\n\t\t\t\t<div class=\"elementor-column elementor-col-50 elementor-top-column elementor-element elementor-element-2fe2a9a\" data-id=\"2fe2a9a\" data-element_type=\"column\" data-e-type=\"column\" data-settings=\"{&quot;background_background&quot;:&quot;classic&quot;}\">\n\t\t\t<div class=\"elementor-widget-wrap elementor-element-populated\">\n\t\t\t\t\t\t<div class=\"elementor-element elementor-element-56e0d4a elementor-widget elementor-widget-heading\" data-id=\"56e0d4a\" data-element_type=\"widget\" data-e-type=\"widget\" data-widget_type=\"heading.default\">\n\t\t\t\t<div class=\"elementor-widget-container\">\n\t\t\t\t\t<h2 class=\"elementor-heading-title elementor-size-default\">Vous avez besoin d'un professionnel pour vous aider rapidement et efficacement ?<\/h2>\t\t\t\t<\/div>\n\t\t\t\t<\/div>\n\t\t\t\t<div class=\"elementor-element elementor-element-c561be7 elementor-widget elementor-widget-html\" data-id=\"c561be7\" data-element_type=\"widget\" data-e-type=\"widget\" data-widget_type=\"html.default\">\n\t\t\t\t<div class=\"elementor-widget-container\">\n\t\t\t\t\t\n<div class=\"wpcf7 no-js\" id=\"wpcf7-f6536-o1\" lang=\"fr-FR\" dir=\"ltr\" data-wpcf7-id=\"6536\">\n<div class=\"screen-reader-response\"><p role=\"status\" aria-live=\"polite\" aria-atomic=\"true\"><\/p> <ul><\/ul><\/div>\n<form action=\"\/fr\/wp-json\/wp\/v2\/pages\/6509#wpcf7-f6536-o1\" method=\"post\" class=\"wpcf7-form init\" aria-label=\"Formulaire de contact\" novalidate=\"novalidate\" data-status=\"init\">\n<fieldset class=\"hidden-fields-container\"><input type=\"hidden\" name=\"_wpcf7\" value=\"6536\" \/><input type=\"hidden\" name=\"_wpcf7_version\" value=\"6.1.5\" \/><input type=\"hidden\" name=\"_wpcf7_locale\" value=\"fr_FR\" \/><input type=\"hidden\" name=\"_wpcf7_unit_tag\" value=\"wpcf7-f6536-o1\" \/><input type=\"hidden\" name=\"_wpcf7_container_post\" value=\"0\" \/><input type=\"hidden\" name=\"_wpcf7_posted_data_hash\" value=\"\" \/><input type=\"hidden\" name=\"_wpcf7_recaptcha_response\" value=\"\" \/>\n<\/fieldset>\n<p><label><br \/>\n<span class=\"wpcf7-form-control-wrap\" data-name=\"your-name\"><input size=\"40\" maxlength=\"400\" class=\"wpcf7-form-control wpcf7-text wpcf7-validates-as-required\" autocomplete=\"name\" aria-required=\"true\" aria-invalid=\"false\" placeholder=\"Votre nom\" value=\"\" type=\"text\" name=\"your-name\" \/><\/span> <\/label>\n<\/p>\n<p><label><br \/>\n<span class=\"wpcf7-form-control-wrap\" data-name=\"your-email\"><input size=\"40\" maxlength=\"400\" class=\"wpcf7-form-control wpcf7-email wpcf7-validates-as-required wpcf7-text wpcf7-validates-as-email\" autocomplete=\"email\" aria-required=\"true\" aria-invalid=\"false\" placeholder=\"Votre adresse \u00e9lectronique\" value=\"\" type=\"email\" name=\"your-email\" \/><\/span> <\/label>\n<\/p>\n<p><label><br \/>\n<span class=\"wpcf7-form-control-wrap\" data-name=\"your-telefoon\"><input size=\"40\" maxlength=\"400\" class=\"wpcf7-form-control wpcf7-text wpcf7-validates-as-required\" aria-required=\"true\" aria-invalid=\"false\" placeholder=\"Votre t\u00e9l\u00e9phone\" value=\"\" type=\"text\" name=\"your-telefoon\" \/><\/span> <\/label>\n<\/p>\n<p><label><br \/>\n<span class=\"wpcf7-form-control-wrap\" data-name=\"your-adres\"><input size=\"40\" maxlength=\"400\" class=\"wpcf7-form-control wpcf7-text wpcf7-validates-as-required\" aria-required=\"true\" aria-invalid=\"false\" placeholder=\"Adresse de l&#039;inspection (rue + num\u00e9ro + code postal + commune)\" value=\"\" type=\"text\" name=\"your-adres\" \/><\/span> <\/label>\n<\/p>\n<p><label><br \/>\n<span class=\"wpcf7-form-control-wrap\" data-name=\"your-message\"><textarea cols=\"40\" rows=\"10\" maxlength=\"2000\" class=\"wpcf7-form-control wpcf7-textarea\" aria-invalid=\"false\" placeholder=\"Votre message\" name=\"your-message\"><\/textarea><\/span> <\/label>\n<\/p>\n<p>Type de propri\u00e9t\u00e9\n<\/p>\n<p><span class=\"wpcf7-form-control-wrap\" data-name=\"radio-308\"><span class=\"wpcf7-form-control wpcf7-radio\"><span class=\"wpcf7-list-item first\"><label><input type=\"radio\" name=\"radio-308\" value=\"Studio\" checked=\"checked\" \/><span class=\"wpcf7-list-item-label\">Studio<\/span><\/label><\/span><span class=\"wpcf7-list-item\"><label><input type=\"radio\" name=\"radio-308\" value=\"Appartement\" \/><span class=\"wpcf7-list-item-label\">Appartement<\/span><\/label><\/span><span class=\"wpcf7-list-item\"><label><input type=\"radio\" name=\"radio-308\" value=\"Woning\" \/><span class=\"wpcf7-list-item-label\">Woning<\/span><\/label><\/span><span class=\"wpcf7-list-item last\"><label><input type=\"radio\" name=\"radio-308\" value=\"Garagebox\" \/><span class=\"wpcf7-list-item-label\">Garagebox<\/span><\/label><\/span><\/span><\/span>\n<\/p>\n<p><input class=\"wpcf7-form-control wpcf7-submit has-spinner\" type=\"submit\" value=\"Verstuur\" \/>\n<\/p><div class=\"wpcf7-response-output\" aria-hidden=\"true\"><\/div>\n<\/form>\n<\/div>\n\t\t\t\t<\/div>\n\t\t\t\t<\/div>\n\t\t\t\t\t<\/div>\n\t\t<\/div>\n\t\t\t\t\t<\/div>\n\t\t<\/section>\n\t\t\t\t<section class=\"elementor-section elementor-top-section elementor-element elementor-element-8a75479 elementor-section-full_width elementor-section-height-default elementor-section-height-default\" data-id=\"8a75479\" data-element_type=\"section\" data-e-type=\"section\">\n\t\t\t\t\t\t<div class=\"elementor-container elementor-column-gap-default\">\n\t\t\t\t\t<div class=\"elementor-column elementor-col-100 elementor-top-column elementor-element elementor-element-411914e\" data-id=\"411914e\" data-element_type=\"column\" data-e-type=\"column\">\n\t\t\t<div class=\"elementor-widget-wrap elementor-element-populated\">\n\t\t\t\t\t\t<div class=\"elementor-element elementor-element-5d84c2f elementor-widget elementor-widget-google_maps\" data-id=\"5d84c2f\" data-element_type=\"widget\" data-e-type=\"widget\" data-widget_type=\"google_maps.default\">\n\t\t\t\t<div class=\"elementor-widget-container\">\n\t\t\t\t\t\t\t<div class=\"elementor-custom-embed\">\n\t\t\t<iframe loading=\"lazy\"\n\t\t\t\t\tsrc=\"https:\/\/maps.google.com\/maps?q=Eikstraat%2089A%209300%20Aalst&#038;t=m&#038;z=10&#038;output=embed&#038;iwloc=near\"\n\t\t\t\t\ttitle=\"Eikstraat 89A 9300 Aalst\"\n\t\t\t\t\taria-label=\"Eikstraat 89A 9300 Aalst\"\n\t\t\t><\/iframe>\n\t\t<\/div>\n\t\t\t\t\t\t<\/div>\n\t\t\t\t<\/div>\n\t\t\t\t\t<\/div>\n\t\t<\/div>\n\t\t\t\t\t<\/div>\n\t\t<\/section>\n\t\t\t\t<\/div>\n\t\t","protected":false},"excerpt":{"rendered":"<p>Besoin urgent d&rsquo;un certificat d&rsquo;amiante ou d&rsquo;un EPC ? Nous travaillons dans la r\u00e9gion d&rsquo;Alost \/ Flandre orientale, mais nous sommes actifs dans toute la Flandre !&nbsp; Nous proposons des tarifs fixes et clairs. Pas de frais suppl\u00e9mentaires impr\u00e9vus, mais un service rapide et de qualit\u00e9. Besoin d&rsquo;aide ? Remplissez ce formulaire ou contactez-nous directement [&hellip;]<\/p>\n","protected":false},"author":1,"featured_media":0,"parent":0,"menu_order":0,"comment_status":"closed","ping_status":"closed","template":"elementor_header_footer","meta":{"footnotes":""},"class_list":["post-6509","page","type-page","status-publish","hentry"],"yoast_head":"<!-- This site is optimized with the Yoast SEO plugin v27.2 - https:\/\/yoast.com\/product\/yoast-seo-wordpress\/ -->\n<title>Demande de devis - Asbestbureau Aalst<\/title>\n<meta name=\"robots\" content=\"index, follow, max-snippet:-1, max-image-preview:large, max-video-preview:-1\" \/>\n<link rel=\"canonical\" href=\"https:\/\/asbestbureau-aalst.be\/offerte-aanvragen\/\" \/>\n<meta property=\"og:locale\" content=\"fr_FR\" \/>\n<meta property=\"og:type\" content=\"article\" \/>\n<meta property=\"og:title\" content=\"Demande de devis - Asbestbureau Aalst\" \/>\n<meta property=\"og:description\" content=\"Besoin urgent d&rsquo;un certificat d&rsquo;amiante ou d&rsquo;un EPC ? Nous travaillons dans la r\u00e9gion d&rsquo;Alost \/ Flandre orientale, mais nous sommes actifs dans toute la Flandre !&nbsp; Nous proposons des tarifs fixes et clairs. Pas de frais suppl\u00e9mentaires impr\u00e9vus, mais un service rapide et de qualit\u00e9. Besoin d&rsquo;aide ? Remplissez ce formulaire ou contactez-nous directement [&hellip;]\" \/>\n<meta property=\"og:url\" content=\"https:\/\/asbestbureau-aalst.be\/offerte-aanvragen\/\" \/>\n<meta property=\"og:site_name\" content=\"Asbestbureau Aalst\" \/>\n<meta property=\"article:modified_time\" content=\"2024-01-08T09:32:26+00:00\" \/>\n<meta name=\"twitter:card\" content=\"summary_large_image\" \/>\n<script type=\"application\/ld+json\" class=\"yoast-schema-graph\">{\"@context\":\"https:\/\/schema.org\",\"@graph\":[{\"@type\":\"WebPage\",\"@id\":\"https:\/\/asbestbureau-aalst.be\/offerte-aanvragen\/\",\"url\":\"https:\/\/asbestbureau-aalst.be\/offerte-aanvragen\/\",\"name\":\"Demande de devis - Asbestbureau Aalst\",\"isPartOf\":{\"@id\":\"https:\/\/asbestbureau-aalst.be\/#website\"},\"datePublished\":\"2023-01-27T12:15:20+00:00\",\"dateModified\":\"2024-01-08T09:32:26+00:00\",\"breadcrumb\":{\"@id\":\"https:\/\/asbestbureau-aalst.be\/offerte-aanvragen\/#breadcrumb\"},\"inLanguage\":\"fr-FR\",\"potentialAction\":[{\"@type\":\"ReadAction\",\"target\":[\"https:\/\/asbestbureau-aalst.be\/offerte-aanvragen\/\"]}]},{\"@type\":\"BreadcrumbList\",\"@id\":\"https:\/\/asbestbureau-aalst.be\/offerte-aanvragen\/#breadcrumb\",\"itemListElement\":[{\"@type\":\"ListItem\",\"position\":1,\"name\":\"Home\",\"item\":\"https:\/\/asbestbureau-aalst.be\/\"},{\"@type\":\"ListItem\",\"position\":2,\"name\":\"Demande de devis\"}]},{\"@type\":\"WebSite\",\"@id\":\"https:\/\/asbestbureau-aalst.be\/#website\",\"url\":\"https:\/\/asbestbureau-aalst.be\/\",\"name\":\"Asbestbureau Aalst\",\"description\":\"\",\"publisher\":{\"@id\":\"https:\/\/asbestbureau-aalst.be\/#organization\"},\"potentialAction\":[{\"@type\":\"SearchAction\",\"target\":{\"@type\":\"EntryPoint\",\"urlTemplate\":\"https:\/\/asbestbureau-aalst.be\/?s={search_term_string}\"},\"query-input\":{\"@type\":\"PropertyValueSpecification\",\"valueRequired\":true,\"valueName\":\"search_term_string\"}}],\"inLanguage\":\"fr-FR\"},{\"@type\":\"Organization\",\"@id\":\"https:\/\/asbestbureau-aalst.be\/#organization\",\"name\":\"Asbestbureau Aalst\",\"url\":\"https:\/\/asbestbureau-aalst.be\/\",\"logo\":{\"@type\":\"ImageObject\",\"inLanguage\":\"fr-FR\",\"@id\":\"https:\/\/asbestbureau-aalst.be\/#\/schema\/logo\/image\/\",\"url\":\"https:\/\/asbestbureau-aalst.be\/wp-content\/uploads\/2020\/04\/asbestinventaris-Aalst-1.png\",\"contentUrl\":\"https:\/\/asbestbureau-aalst.be\/wp-content\/uploads\/2020\/04\/asbestinventaris-Aalst-1.png\",\"width\":913,\"height\":159,\"caption\":\"Asbestbureau Aalst\"},\"image\":{\"@id\":\"https:\/\/asbestbureau-aalst.be\/#\/schema\/logo\/image\/\"}}]}<\/script>\n<!-- \/ Yoast SEO plugin. -->","yoast_head_json":{"title":"Demande de devis - Asbestbureau Aalst","robots":{"index":"index","follow":"follow","max-snippet":"max-snippet:-1","max-image-preview":"max-image-preview:large","max-video-preview":"max-video-preview:-1"},"canonical":"https:\/\/asbestbureau-aalst.be\/offerte-aanvragen\/","og_locale":"fr_FR","og_type":"article","og_title":"Demande de devis - Asbestbureau Aalst","og_description":"Besoin urgent d&rsquo;un certificat d&rsquo;amiante ou d&rsquo;un EPC ? Nous travaillons dans la r\u00e9gion d&rsquo;Alost \/ Flandre orientale, mais nous sommes actifs dans toute la Flandre !&nbsp; Nous proposons des tarifs fixes et clairs. Pas de frais suppl\u00e9mentaires impr\u00e9vus, mais un service rapide et de qualit\u00e9. Besoin d&rsquo;aide ? Remplissez ce formulaire ou contactez-nous directement [&hellip;]","og_url":"https:\/\/asbestbureau-aalst.be\/offerte-aanvragen\/","og_site_name":"Asbestbureau Aalst","article_modified_time":"2024-01-08T09:32:26+00:00","twitter_card":"summary_large_image","schema":{"@context":"https:\/\/schema.org","@graph":[{"@type":"WebPage","@id":"https:\/\/asbestbureau-aalst.be\/offerte-aanvragen\/","url":"https:\/\/asbestbureau-aalst.be\/offerte-aanvragen\/","name":"Demande de devis - Asbestbureau Aalst","isPartOf":{"@id":"https:\/\/asbestbureau-aalst.be\/#website"},"datePublished":"2023-01-27T12:15:20+00:00","dateModified":"2024-01-08T09:32:26+00:00","breadcrumb":{"@id":"https:\/\/asbestbureau-aalst.be\/offerte-aanvragen\/#breadcrumb"},"inLanguage":"fr-FR","potentialAction":[{"@type":"ReadAction","target":["https:\/\/asbestbureau-aalst.be\/offerte-aanvragen\/"]}]},{"@type":"BreadcrumbList","@id":"https:\/\/asbestbureau-aalst.be\/offerte-aanvragen\/#breadcrumb","itemListElement":[{"@type":"ListItem","position":1,"name":"Home","item":"https:\/\/asbestbureau-aalst.be\/"},{"@type":"ListItem","position":2,"name":"Demande de devis"}]},{"@type":"WebSite","@id":"https:\/\/asbestbureau-aalst.be\/#website","url":"https:\/\/asbestbureau-aalst.be\/","name":"Asbestbureau Aalst","description":"","publisher":{"@id":"https:\/\/asbestbureau-aalst.be\/#organization"},"potentialAction":[{"@type":"SearchAction","target":{"@type":"EntryPoint","urlTemplate":"https:\/\/asbestbureau-aalst.be\/?s={search_term_string}"},"query-input":{"@type":"PropertyValueSpecification","valueRequired":true,"valueName":"search_term_string"}}],"inLanguage":"fr-FR"},{"@type":"Organization","@id":"https:\/\/asbestbureau-aalst.be\/#organization","name":"Asbestbureau Aalst","url":"https:\/\/asbestbureau-aalst.be\/","logo":{"@type":"ImageObject","inLanguage":"fr-FR","@id":"https:\/\/asbestbureau-aalst.be\/#\/schema\/logo\/image\/","url":"https:\/\/asbestbureau-aalst.be\/wp-content\/uploads\/2020\/04\/asbestinventaris-Aalst-1.png","contentUrl":"https:\/\/asbestbureau-aalst.be\/wp-content\/uploads\/2020\/04\/asbestinventaris-Aalst-1.png","width":913,"height":159,"caption":"Asbestbureau Aalst"},"image":{"@id":"https:\/\/asbestbureau-aalst.be\/#\/schema\/logo\/image\/"}}]}},"_links":{"self":[{"href":"https:\/\/asbestbureau-aalst.be\/fr\/wp-json\/wp\/v2\/pages\/6509","targetHints":{"allow":["GET"]}}],"collection":[{"href":"https:\/\/asbestbureau-aalst.be\/fr\/wp-json\/wp\/v2\/pages"}],"about":[{"href":"https:\/\/asbestbureau-aalst.be\/fr\/wp-json\/wp\/v2\/types\/page"}],"author":[{"embeddable":true,"href":"https:\/\/asbestbureau-aalst.be\/fr\/wp-json\/wp\/v2\/users\/1"}],"replies":[{"embeddable":true,"href":"https:\/\/asbestbureau-aalst.be\/fr\/wp-json\/wp\/v2\/comments?post=6509"}],"version-history":[{"count":1,"href":"https:\/\/asbestbureau-aalst.be\/fr\/wp-json\/wp\/v2\/pages\/6509\/revisions"}],"predecessor-version":[{"id":6510,"href":"https:\/\/asbestbureau-aalst.be\/fr\/wp-json\/wp\/v2\/pages\/6509\/revisions\/6510"}],"wp:attachment":[{"href":"https:\/\/asbestbureau-aalst.be\/fr\/wp-json\/wp\/v2\/media?parent=6509"}],"curies":[{"name":"wp","href":"https:\/\/api.w.org\/{rel}","templated":true}]}}